{"id":934,"date":"2022-04-05T11:36:04","date_gmt":"2022-04-05T09:36:04","guid":{"rendered":"https:\/\/www.atributetomusic.it\/new\/?page_id=934"},"modified":"2024-02-19T14:30:22","modified_gmt":"2024-02-19T13:30:22","slug":"startseite","status":"publish","type":"page","link":"https:\/\/www.atributetomusic.it\/de\/","title":{"rendered":"Startseite"},"content":{"rendered":"<p>[vc_row css_animation=&#8220;&#8220; row_type=&#8220;row&#8220; use_row_as_full_screen_section=&#8220;no&#8220; type=&#8220;full_width&#8220; angled_section=&#8220;no&#8220; text_align=&#8220;left&#8220; background_image_as_pattern=&#8220;without_pattern&#8220; z_index=&#8220;&#8220;][vc_column]\n\t\t\t<!-- START Home REVOLUTION SLIDER 6.5.11 --><p class=\"rs-p-wp-fix\"><\/p>\n\t\t\t<rs-module-wrap id=\"rev_slider_6_1_wrapper\" data-source=\"gallery\" style=\"visibility:hidden;background:transparent;padding:0;\">\n\t\t\t\t<rs-module id=\"rev_slider_6_1\" style=\"\" data-version=\"6.5.11\">\n\t\t\t\t\t<rs-slides>\n\t\t\t\t\t\t<rs-slide style=\"position: absolute;\" data-key=\"rs-28\" data-title=\"Slide\" data-thumb=\"\/\/www.atributetomusic.it\/new\/wp-content\/uploads\/2022\/03\/slider1.jpg\" data-in=\"o:0;\" data-out=\"a:false;\">\n\t\t\t\t\t\t\t<img loading=\"lazy\" decoding=\"async\" src=\"\/\/www.atributetomusic.it\/wp-content\/plugins\/revslider\/public\/assets\/assets\/dummy.png\" title=\"slider1\" width=\"2560\" height=\"1707\" class=\"rev-slidebg tp-rs-img rs-lazyload\" data-lazyload=\"\/\/www.atributetomusic.it\/new\/wp-content\/uploads\/2022\/03\/slider1.jpg\" data-no-retina>\n<!---->\t\t\t\t\t\t<\/rs-slide>\n\t\t\t\t\t\t<rs-slide style=\"position: absolute;\" data-key=\"rs-29\" data-title=\"Slide\" data-thumb=\"\/\/www.atributetomusic.it\/new\/wp-content\/uploads\/2022\/03\/slider2.jpg\" data-in=\"o:0;\" data-out=\"a:false;\">\n\t\t\t\t\t\t\t<img loading=\"lazy\" decoding=\"async\" src=\"\/\/www.atributetomusic.it\/wp-content\/plugins\/revslider\/public\/assets\/assets\/dummy.png\" title=\"slider2\" width=\"2560\" height=\"1707\" class=\"rev-slidebg tp-rs-img rs-lazyload\" data-lazyload=\"\/\/www.atributetomusic.it\/new\/wp-content\/uploads\/2022\/03\/slider2.jpg\" data-no-retina>\n<!---->\t\t\t\t\t\t<\/rs-slide>\n\t\t\t\t\t\t<rs-slide style=\"position: absolute;\" data-key=\"rs-30\" data-title=\"Slide\" data-thumb=\"\/\/www.atributetomusic.it\/new\/wp-content\/uploads\/2022\/03\/slider3.jpg\" data-in=\"o:0;\" data-out=\"a:false;\">\n\t\t\t\t\t\t\t<img loading=\"lazy\" decoding=\"async\" src=\"\/\/www.atributetomusic.it\/wp-content\/plugins\/revslider\/public\/assets\/assets\/dummy.png\" title=\"slider3\" width=\"2560\" height=\"1707\" class=\"rev-slidebg tp-rs-img rs-lazyload\" data-lazyload=\"\/\/www.atributetomusic.it\/new\/wp-content\/uploads\/2022\/03\/slider3.jpg\" data-no-retina>\n<!---->\t\t\t\t\t\t<\/rs-slide>\n\t\t\t\t\t\t<rs-slide style=\"position: absolute;\" data-key=\"rs-31\" data-title=\"Slide\" data-thumb=\"\/\/www.atributetomusic.it\/new\/wp-content\/uploads\/2022\/03\/slider4new.jpg\" data-in=\"o:0;\" data-out=\"a:false;\">\n\t\t\t\t\t\t\t<img loading=\"lazy\" decoding=\"async\" src=\"\/\/www.atributetomusic.it\/wp-content\/plugins\/revslider\/public\/assets\/assets\/dummy.png\" title=\"slider4new\" width=\"2560\" height=\"1422\" class=\"rev-slidebg tp-rs-img rs-lazyload\" data-lazyload=\"\/\/www.atributetomusic.it\/new\/wp-content\/uploads\/2022\/03\/slider4new.jpg\" data-no-retina>\n<!---->\t\t\t\t\t\t<\/rs-slide>\n\t\t\t\t\t\t<rs-slide style=\"position: absolute;\" data-key=\"rs-32\" data-title=\"Slide\" data-thumb=\"\/\/www.atributetomusic.it\/new\/wp-content\/uploads\/2022\/03\/slider5.jpg\" data-in=\"o:0;\" data-out=\"a:false;\">\n\t\t\t\t\t\t\t<img loading=\"lazy\" decoding=\"async\" src=\"\/\/www.atributetomusic.it\/wp-content\/plugins\/revslider\/public\/assets\/assets\/dummy.png\" title=\"slider5\" width=\"2560\" height=\"1457\" class=\"rev-slidebg tp-rs-img rs-lazyload\" data-lazyload=\"\/\/www.atributetomusic.it\/new\/wp-content\/uploads\/2022\/03\/slider5.jpg\" data-no-retina>\n<!---->\t\t\t\t\t\t<\/rs-slide>\n\t\t\t\t\t<\/rs-slides>\n\t\t\t\t<\/rs-module>\n\t\t\t\t<script type=\"text\/javascript\">\n\t\t\t\t\tsetREVStartSize({c: 'rev_slider_6_1',rl:[1240,1024,778,480],el:[900],gw:[1240],gh:[900],type:'standard',justify:'',layout:'fullscreen',offsetContainer:'',offset:'',mh:\"0\"});if (window.RS_MODULES!==undefined && window.RS_MODULES.modules!==undefined && window.RS_MODULES.modules[\"revslider61\"]!==undefined) {window.RS_MODULES.modules[\"revslider61\"].once = false;window.revapi6 = undefined;if (window.RS_MODULES.checkMinimal!==undefined) window.RS_MODULES.checkMinimal()}\n\t\t\t\t<\/script>\n\t\t\t<\/rs-module-wrap>\n\t\t\t<!-- END REVOLUTION SLIDER -->\n[\/vc_column][\/vc_row][vc_row css_animation=&#8220;&#8220; row_type=&#8220;row&#8220; use_row_as_full_screen_section=&#8220;no&#8220; type=&#8220;full_width&#8220; angled_section=&#8220;no&#8220; text_align=&#8220;left&#8220; background_image_as_pattern=&#8220;without_pattern&#8220; padding_top=&#8220;40&#8243; z_index=&#8220;&#8220;][vc_column][qode_elements_holder number_of_columns=&#8220;two_columns&#8220;][qode_elements_holder_item vertical_alignment=&#8220;middle&#8220; advanced_animations=&#8220;no&#8220; item_padding=&#8220;40px 60px 40px 60px&#8220;][vc_column_text]<\/p>\n<h2>A Tribute to Music &#8211; Venedig<\/h2>\n<p>[\/vc_column_text][vc_empty_space height=&#8220;20px&#8220;][vc_column_text]Ein paar Schritte von der Piazza San Marco entfernt, in einem Geb\u00e4ude aus dem 19. Jahrhundert, befindet sich die Residenz A Tribute to Music, eine alte venezianische Residenz mit einem Aufzug, der einen atemberaubenden Blick auf das Becken von San Marco bietet. Unter Beibehaltung der urspr\u00fcnglichen architektonischen und stilistischen Merkmale der Zeit ist A Tribute to Music mit allem Komfort ausgestattet, um einen eleganten und raffinierten Aufenthalt zu bieten.<\/p>\n<p>Das A Tribute to Music liegt im historischen Zentrum von Venedig im malerischen Viertel Castello und genie\u00dft eine privilegierte Lage in der N\u00e4he der meistbesuchten Kunstst\u00e4tten, Restaurants und typisch venezianischen Tavernen und Einkaufsviertel.[\/vc_column_text][vc_empty_space height=&#8220;20px&#8220;]\n\n\t<a href=\"https:\/\/www.atributetomusic.it\/de\/posizione\" target=\"_self\" style=\"color: #ffffff;background-color: #8d3948;font-size: 16px;font-weight: 400;text-transform: uppercase;letter-spacing: 1px\" class=\"qode-btn qode-btn-medium qode-btn-solid qode-btn-custom-hover-bg qode-btn-custom-hover-color qode-btn-with-shadow qode-btn-shadow-hover\" data-hover-bg-color=\"#8c192e\" data-hover-color=\"#ffffff\" >\n\t    <span class=\"qode-btn-text\">ENTDECKEN SIE DEN STANDORT<\/span>\t<\/a>\n\n[\/qode_elements_holder_item][qode_elements_holder_item vertical_alignment=&#8220;middle&#8220; advanced_animations=&#8220;no&#8220;][vc_single_image image=&#8220;839&#8243; img_size=&#8220;950&#215;650&#8243; qode_css_animation=&#8220;&#8220;][\/qode_elements_holder_item][\/qode_elements_holder][\/vc_column][\/vc_row][vc_row css_animation=&#8220;&#8220; row_type=&#8220;row&#8220; use_row_as_full_screen_section=&#8220;no&#8220; type=&#8220;full_width&#8220; angled_section=&#8220;no&#8220; text_align=&#8220;left&#8220; background_image_as_pattern=&#8220;without_pattern&#8220; padding_bottom=&#8220;40&#8243; z_index=&#8220;&#8220;][vc_column][qode_elements_holder number_of_columns=&#8220;two_columns&#8220;][qode_elements_holder_item vertical_alignment=&#8220;middle&#8220; advanced_animations=&#8220;no&#8220;][vc_single_image image=&#8220;822&#8243; img_size=&#8220;950&#215;650&#8243; qode_css_animation=&#8220;&#8220;][\/qode_elements_holder_item][qode_elements_holder_item vertical_alignment=&#8220;middle&#8220; advanced_animations=&#8220;no&#8220; item_padding=&#8220;40px 60px 40px 60px&#8220;][vc_column_text]<\/p>\n<h2>Aufenthalt<\/h2>\n<p>[\/vc_column_text][vc_empty_space height=&#8220;20px&#8220;][vc_column_text]Die Wandteppiche und M\u00f6bel erinnern an die Atmosph\u00e4re der damaligen Zeit und machen A Tribute to Music zu einer eleganten L\u00f6sung, die sich durch eine hervorragende Kombination aus authentischem venezianischem Stil und modernstem Komfort auszeichnet.<\/p>\n<p>Unsere Mitarbeiter helfen den G\u00e4sten gerne in jeder Phase ihres Aufenthalts, empfehlen personalisierte Reiserouten basierend auf den unterschiedlichen Bed\u00fcrfnissen und bieten Informationen zu Restaurants, gef\u00fchrten Touren und Transfers zu und von den wichtigsten Terminals der Stadt.[\/vc_column_text][vc_empty_space height=&#8220;20px&#8220;]\n\n\t<a href=\"https:\/\/www.atributetomusic.it\/de\/camere\" target=\"_self\" style=\"color: #ffffff;background-color: #8d3948;font-size: 16px;font-weight: 400;text-transform: uppercase;letter-spacing: 1px\" class=\"qode-btn qode-btn-medium qode-btn-solid qode-btn-custom-hover-bg qode-btn-custom-hover-color qode-btn-with-shadow qode-btn-shadow-hover\" data-hover-bg-color=\"#8c192e\" data-hover-color=\"#ffffff\" >\n\t    <span class=\"qode-btn-text\">DIE ZIMMER<\/span>\t<\/a>\n\n[\/qode_elements_holder_item][\/qode_elements_holder][\/vc_column][\/vc_row]<\/p>\n","protected":false},"excerpt":{"rendered":"<p>[vc_row css_animation=&#8220;&#8220; row_type=&#8220;row&#8220; use_row_as_full_screen_section=&#8220;no&#8220; type=&#8220;full_width&#8220; angled_section=&#8220;no&#8220; text_align=&#8220;left&#8220; background_image_as_pattern=&#8220;without_pattern&#8220; z_index=&#8220;&#8220;][vc_column][\/vc_column][\/vc_row][vc_row css_animation=&#8220;&#8220; row_type=&#8220;row&#8220; use_row_as_full_screen_section=&#8220;no&#8220; type=&#8220;full_width&#8220; angled_section=&#8220;no&#8220; text_align=&#8220;left&#8220; background_image_as_pattern=&#8220;without_pattern&#8220; padding_top=&#8220;40&#8243; z_index=&#8220;&#8220;][vc_column][qode_elements_holder number_of_columns=&#8220;two_columns&#8220;][qode_elements_holder_item vertical_alignment=&#8220;middle&#8220; advanced_animations=&#8220;no&#8220; item_padding=&#8220;40px 60px 40px 60px&#8220;][vc_column_text] A Tribute to Music &#8211; Venedig [\/vc_column_text][vc_empty_space height=&#8220;20px&#8220;][vc_column_text]Ein paar Schritte von der Piazza San Marco entfernt, in einem Geb\u00e4ude aus&#8230;<\/p>\n","protected":false},"author":1,"featured_media":0,"parent":0,"menu_order":0,"comment_status":"closed","ping_status":"closed","template":"full_width.php","meta":{"_monsterinsights_skip_tracking":false,"_monsterinsights_sitenote_active":false,"_monsterinsights_sitenote_note":"","_monsterinsights_sitenote_category":0,"footnotes":""},"class_list":["post-934","page","type-page","status-publish","hentry"],"aioseo_notices":[],"_links":{"self":[{"href":"https:\/\/www.atributetomusic.it\/de\/wp-json\/wp\/v2\/pages\/934","targetHints":{"allow":["GET"]}}],"collection":[{"href":"https:\/\/www.atributetomusic.it\/de\/wp-json\/wp\/v2\/pages"}],"about":[{"href":"https:\/\/www.atributetomusic.it\/de\/wp-json\/wp\/v2\/types\/page"}],"author":[{"embeddable":true,"href":"https:\/\/www.atributetomusic.it\/de\/wp-json\/wp\/v2\/users\/1"}],"replies":[{"embeddable":true,"href":"https:\/\/www.atributetomusic.it\/de\/wp-json\/wp\/v2\/comments?post=934"}],"version-history":[{"count":2,"href":"https:\/\/www.atributetomusic.it\/de\/wp-json\/wp\/v2\/pages\/934\/revisions"}],"predecessor-version":[{"id":1314,"href":"https:\/\/www.atributetomusic.it\/de\/wp-json\/wp\/v2\/pages\/934\/revisions\/1314"}],"wp:attachment":[{"href":"https:\/\/www.atributetomusic.it\/de\/wp-json\/wp\/v2\/media?parent=934"}],"curies":[{"name":"wp","href":"https:\/\/api.w.org\/{rel}","templated":true}]}}