{"id":985,"date":"2022-04-05T12:32:01","date_gmt":"2022-04-05T10:32:01","guid":{"rendered":"https:\/\/www.atributetomusic.it\/new\/?page_id=985"},"modified":"2024-02-19T14:32:05","modified_gmt":"2024-02-19T13:32:05","slug":"inicio","status":"publish","type":"page","link":"https:\/\/www.atributetomusic.it\/es\/","title":{"rendered":"INICIO"},"content":{"rendered":"<p>[vc_row css_animation=\u00bb\u00bb row_type=\u00bbrow\u00bb use_row_as_full_screen_section=\u00bbno\u00bb type=\u00bbfull_width\u00bb angled_section=\u00bbno\u00bb text_align=\u00bbleft\u00bb background_image_as_pattern=\u00bbwithout_pattern\u00bb z_index=\u00bb\u00bb][vc_column]\n\t\t\t<!-- START Home REVOLUTION SLIDER 6.5.11 --><p class=\"rs-p-wp-fix\"><\/p>\n\t\t\t<rs-module-wrap id=\"rev_slider_6_1_wrapper\" data-source=\"gallery\" style=\"visibility:hidden;background:transparent;padding:0;\">\n\t\t\t\t<rs-module id=\"rev_slider_6_1\" style=\"\" data-version=\"6.5.11\">\n\t\t\t\t\t<rs-slides>\n\t\t\t\t\t\t<rs-slide style=\"position: absolute;\" data-key=\"rs-28\" data-title=\"Slide\" data-thumb=\"\/\/www.atributetomusic.it\/new\/wp-content\/uploads\/2022\/03\/slider1.jpg\" data-in=\"o:0;\" data-out=\"a:false;\">\n\t\t\t\t\t\t\t<img loading=\"lazy\" decoding=\"async\" src=\"\/\/www.atributetomusic.it\/wp-content\/plugins\/revslider\/public\/assets\/assets\/dummy.png\" title=\"slider1\" width=\"2560\" height=\"1707\" class=\"rev-slidebg tp-rs-img rs-lazyload\" data-lazyload=\"\/\/www.atributetomusic.it\/new\/wp-content\/uploads\/2022\/03\/slider1.jpg\" data-no-retina>\n<!---->\t\t\t\t\t\t<\/rs-slide>\n\t\t\t\t\t\t<rs-slide style=\"position: absolute;\" data-key=\"rs-29\" data-title=\"Slide\" data-thumb=\"\/\/www.atributetomusic.it\/new\/wp-content\/uploads\/2022\/03\/slider2.jpg\" data-in=\"o:0;\" data-out=\"a:false;\">\n\t\t\t\t\t\t\t<img loading=\"lazy\" decoding=\"async\" src=\"\/\/www.atributetomusic.it\/wp-content\/plugins\/revslider\/public\/assets\/assets\/dummy.png\" title=\"slider2\" width=\"2560\" height=\"1707\" class=\"rev-slidebg tp-rs-img rs-lazyload\" data-lazyload=\"\/\/www.atributetomusic.it\/new\/wp-content\/uploads\/2022\/03\/slider2.jpg\" data-no-retina>\n<!---->\t\t\t\t\t\t<\/rs-slide>\n\t\t\t\t\t\t<rs-slide style=\"position: absolute;\" data-key=\"rs-30\" data-title=\"Slide\" data-thumb=\"\/\/www.atributetomusic.it\/new\/wp-content\/uploads\/2022\/03\/slider3.jpg\" data-in=\"o:0;\" data-out=\"a:false;\">\n\t\t\t\t\t\t\t<img loading=\"lazy\" decoding=\"async\" src=\"\/\/www.atributetomusic.it\/wp-content\/plugins\/revslider\/public\/assets\/assets\/dummy.png\" title=\"slider3\" width=\"2560\" height=\"1707\" class=\"rev-slidebg tp-rs-img rs-lazyload\" data-lazyload=\"\/\/www.atributetomusic.it\/new\/wp-content\/uploads\/2022\/03\/slider3.jpg\" data-no-retina>\n<!---->\t\t\t\t\t\t<\/rs-slide>\n\t\t\t\t\t\t<rs-slide style=\"position: absolute;\" data-key=\"rs-31\" data-title=\"Slide\" data-thumb=\"\/\/www.atributetomusic.it\/new\/wp-content\/uploads\/2022\/03\/slider4new.jpg\" data-in=\"o:0;\" data-out=\"a:false;\">\n\t\t\t\t\t\t\t<img loading=\"lazy\" decoding=\"async\" src=\"\/\/www.atributetomusic.it\/wp-content\/plugins\/revslider\/public\/assets\/assets\/dummy.png\" title=\"slider4new\" width=\"2560\" height=\"1422\" class=\"rev-slidebg tp-rs-img rs-lazyload\" data-lazyload=\"\/\/www.atributetomusic.it\/new\/wp-content\/uploads\/2022\/03\/slider4new.jpg\" data-no-retina>\n<!---->\t\t\t\t\t\t<\/rs-slide>\n\t\t\t\t\t\t<rs-slide style=\"position: absolute;\" data-key=\"rs-32\" data-title=\"Slide\" data-thumb=\"\/\/www.atributetomusic.it\/new\/wp-content\/uploads\/2022\/03\/slider5.jpg\" data-in=\"o:0;\" data-out=\"a:false;\">\n\t\t\t\t\t\t\t<img loading=\"lazy\" decoding=\"async\" src=\"\/\/www.atributetomusic.it\/wp-content\/plugins\/revslider\/public\/assets\/assets\/dummy.png\" title=\"slider5\" width=\"2560\" height=\"1457\" class=\"rev-slidebg tp-rs-img rs-lazyload\" data-lazyload=\"\/\/www.atributetomusic.it\/new\/wp-content\/uploads\/2022\/03\/slider5.jpg\" data-no-retina>\n<!---->\t\t\t\t\t\t<\/rs-slide>\n\t\t\t\t\t<\/rs-slides>\n\t\t\t\t<\/rs-module>\n\t\t\t\t<script type=\"text\/javascript\">\n\t\t\t\t\tsetREVStartSize({c: 'rev_slider_6_1',rl:[1240,1024,778,480],el:[900],gw:[1240],gh:[900],type:'standard',justify:'',layout:'fullscreen',offsetContainer:'',offset:'',mh:\"0\"});if (window.RS_MODULES!==undefined && window.RS_MODULES.modules!==undefined && window.RS_MODULES.modules[\"revslider61\"]!==undefined) {window.RS_MODULES.modules[\"revslider61\"].once = false;window.revapi6 = undefined;if (window.RS_MODULES.checkMinimal!==undefined) window.RS_MODULES.checkMinimal()}\n\t\t\t\t<\/script>\n\t\t\t<\/rs-module-wrap>\n\t\t\t<!-- END REVOLUTION SLIDER -->\n[\/vc_column][\/vc_row][vc_row css_animation=\u00bb\u00bb row_type=\u00bbrow\u00bb use_row_as_full_screen_section=\u00bbno\u00bb type=\u00bbfull_width\u00bb angled_section=\u00bbno\u00bb text_align=\u00bbleft\u00bb background_image_as_pattern=\u00bbwithout_pattern\u00bb padding_top=\u00bb40&#8243; z_index=\u00bb\u00bb][vc_column][qode_elements_holder number_of_columns=\u00bbtwo_columns\u00bb][qode_elements_holder_item vertical_alignment=\u00bbmiddle\u00bb advanced_animations=\u00bbno\u00bb item_padding=\u00bb40px 60px 40px 60px\u00bb][vc_column_text]<\/p>\n<h2>A Tribute to Music: Venecia<\/h2>\n<p>[\/vc_column_text][vc_empty_space height=\u00bb20px\u00bb][vc_column_text]A pocos pasos de la plaza de San Marcos, en un palacio del siglo XIX, se encuentra la residencia A Tribute to Music, una antigua morada veneciana provista de ascensor que ofrece\u00a0unas vistas impresionantes de la cuenca de San Marcos. A Tribute to Music, que sigue manteniendo las caracter\u00edsticas arquitect\u00f3nicas y estil\u00edsticas originales de la \u00e9poca, incluye todas las comodidades necesarias para una estancia elegante y refinada.<\/p>\n<p>Situado en el centro hist\u00f3rico de Venecia, en el pintoresco \u00absestiere\u00bb de Castello, A Tribute to Music\u00a0goza de una ubicaci\u00f3n privilegiada, cerca de los sitios art\u00edsticos m\u00e1s visitados, as\u00ed como de restaurantes y tabernas t\u00edpicas venecianas y de las zonas comerciales.[\/vc_column_text][vc_empty_space height=\u00bb20px\u00bb]\n\n\t<a href=\"https:\/\/www.atributetomusic.it\/es\/posizione\" target=\"_self\" style=\"color: #ffffff;background-color: #8d3948;font-size: 16px;font-weight: 400;text-transform: uppercase;letter-spacing: 1px\" class=\"qode-btn qode-btn-medium qode-btn-solid qode-btn-custom-hover-bg qode-btn-custom-hover-color qode-btn-with-shadow qode-btn-shadow-hover\" data-hover-bg-color=\"#8c192e\" data-hover-color=\"#ffffff\" >\n\t    <span class=\"qode-btn-text\">DESCUBRE LA UBICACI\u00d3N<\/span>\t<\/a>\n\n[\/qode_elements_holder_item][qode_elements_holder_item vertical_alignment=\u00bbmiddle\u00bb advanced_animations=\u00bbno\u00bb][vc_single_image image=\u00bb839&#8243; img_size=\u00bb950&#215;650&#8243; qode_css_animation=\u00bb\u00bb][\/qode_elements_holder_item][\/qode_elements_holder][\/vc_column][\/vc_row][vc_row css_animation=\u00bb\u00bb row_type=\u00bbrow\u00bb use_row_as_full_screen_section=\u00bbno\u00bb type=\u00bbfull_width\u00bb angled_section=\u00bbno\u00bb text_align=\u00bbleft\u00bb background_image_as_pattern=\u00bbwithout_pattern\u00bb padding_bottom=\u00bb40&#8243; z_index=\u00bb\u00bb][vc_column][qode_elements_holder number_of_columns=\u00bbtwo_columns\u00bb][qode_elements_holder_item vertical_alignment=\u00bbmiddle\u00bb advanced_animations=\u00bbno\u00bb][vc_single_image image=\u00bb822&#8243; img_size=\u00bb950&#215;650&#8243; qode_css_animation=\u00bb\u00bb][\/qode_elements_holder_item][qode_elements_holder_item vertical_alignment=\u00bbmiddle\u00bb advanced_animations=\u00bbno\u00bb item_padding=\u00bb40px 60px 40px 60px\u00bb][vc_column_text]<\/p>\n<h2>Residencia<\/h2>\n<p>[\/vc_column_text][vc_empty_space height=\u00bb20px\u00bb][vc_column_text]Las tapicer\u00edas y el mobiliario evocan la atm\u00f3sfera de la \u00e9poca, por lo que A Tribute to Music resulta un alojamiento se\u00f1orial que se caracteriza por\u00a0combinar a la perfecci\u00f3n el aut\u00e9ntico estilo veneciano con toda clase de comodidades m\u00e1s modernas.<\/p>\n<p>Nuestro personal estar\u00e1 encantado de atender a los hu\u00e9spedes en cada fase de su estancia, recomendando recorridos personalizados seg\u00fan sus necesidades y brindando informaci\u00f3n sobre restaurantes, visitas guiadas y traslados desde y hasta las principales terminales de la ciudad.[\/vc_column_text][vc_empty_space height=\u00bb20px\u00bb]\n\n\t<a href=\"https:\/\/www.atributetomusic.it\/es\/camere\" target=\"_self\" style=\"color: #ffffff;background-color: #8d3948;font-size: 16px;font-weight: 400;text-transform: uppercase;letter-spacing: 1px\" class=\"qode-btn qode-btn-medium qode-btn-solid qode-btn-custom-hover-bg qode-btn-custom-hover-color qode-btn-with-shadow qode-btn-shadow-hover\" data-hover-bg-color=\"#8c192e\" data-hover-color=\"#ffffff\" >\n\t    <span class=\"qode-btn-text\">MIRA LAS HABITACIONES<\/span>\t<\/a>\n\n[\/qode_elements_holder_item][\/qode_elements_holder][\/vc_column][\/vc_row]<\/p>\n","protected":false},"excerpt":{"rendered":"<p>[vc_row css_animation=\u00bb\u00bb row_type=\u00bbrow\u00bb use_row_as_full_screen_section=\u00bbno\u00bb type=\u00bbfull_width\u00bb angled_section=\u00bbno\u00bb text_align=\u00bbleft\u00bb background_image_as_pattern=\u00bbwithout_pattern\u00bb z_index=\u00bb\u00bb][vc_column][\/vc_column][\/vc_row][vc_row css_animation=\u00bb\u00bb row_type=\u00bbrow\u00bb use_row_as_full_screen_section=\u00bbno\u00bb type=\u00bbfull_width\u00bb angled_section=\u00bbno\u00bb text_align=\u00bbleft\u00bb background_image_as_pattern=\u00bbwithout_pattern\u00bb padding_top=\u00bb40&#8243; z_index=\u00bb\u00bb][vc_column][qode_elements_holder number_of_columns=\u00bbtwo_columns\u00bb][qode_elements_holder_item vertical_alignment=\u00bbmiddle\u00bb advanced_animations=\u00bbno\u00bb item_padding=\u00bb40px 60px 40px 60px\u00bb][vc_column_text] A Tribute to Music: Venecia [\/vc_column_text][vc_empty_space height=\u00bb20px\u00bb][vc_column_text]A pocos pasos de la plaza de San Marcos, en un palacio del siglo&#8230;<\/p>\n","protected":false},"author":1,"featured_media":0,"parent":0,"menu_order":0,"comment_status":"closed","ping_status":"closed","template":"full_width.php","meta":{"_monsterinsights_skip_tracking":false,"_monsterinsights_sitenote_active":false,"_monsterinsights_sitenote_note":"","_monsterinsights_sitenote_category":0,"footnotes":""},"class_list":["post-985","page","type-page","status-publish","hentry"],"aioseo_notices":[],"_links":{"self":[{"href":"https:\/\/www.atributetomusic.it\/es\/wp-json\/wp\/v2\/pages\/985","targetHints":{"allow":["GET"]}}],"collection":[{"href":"https:\/\/www.atributetomusic.it\/es\/wp-json\/wp\/v2\/pages"}],"about":[{"href":"https:\/\/www.atributetomusic.it\/es\/wp-json\/wp\/v2\/types\/page"}],"author":[{"embeddable":true,"href":"https:\/\/www.atributetomusic.it\/es\/wp-json\/wp\/v2\/users\/1"}],"replies":[{"embeddable":true,"href":"https:\/\/www.atributetomusic.it\/es\/wp-json\/wp\/v2\/comments?post=985"}],"version-history":[{"count":2,"href":"https:\/\/www.atributetomusic.it\/es\/wp-json\/wp\/v2\/pages\/985\/revisions"}],"predecessor-version":[{"id":1318,"href":"https:\/\/www.atributetomusic.it\/es\/wp-json\/wp\/v2\/pages\/985\/revisions\/1318"}],"wp:attachment":[{"href":"https:\/\/www.atributetomusic.it\/es\/wp-json\/wp\/v2\/media?parent=985"}],"curies":[{"name":"wp","href":"https:\/\/api.w.org\/{rel}","templated":true}]}}