{"id":928,"date":"2022-04-05T11:31:13","date_gmt":"2022-04-05T09:31:13","guid":{"rendered":"https:\/\/www.atributetomusic.it\/new\/?page_id=928"},"modified":"2022-04-05T11:31:13","modified_gmt":"2022-04-05T09:31:13","slug":"position","status":"publish","type":"page","link":"https:\/\/www.atributetomusic.it\/fr\/position\/","title":{"rendered":"Position"},"content":{"rendered":"<p>[vc_row css_animation=\u00a0\u00bb\u00a0\u00bb row_type=\u00a0\u00bbrow\u00a0\u00bb use_row_as_full_screen_section=\u00a0\u00bbno\u00a0\u00bb type=\u00a0\u00bbfull_width\u00a0\u00bb angled_section=\u00a0\u00bbno\u00a0\u00bb text_align=\u00a0\u00bbleft\u00a0\u00bb background_image_as_pattern=\u00a0\u00bbwithout_pattern\u00a0\u00bb z_index=\u00a0\u00bb\u00a0\u00bb][vc_column][vc_column_text]<div class=\"wpgmp_map_container wpgmp-map-provider-google wpgmp-map-1\" rel=\"map1\" data-plugin-version=\"4.8.6\"><div class=\"wpgmp_map_parent\"><div class=\"wpgmp_map \" style=\"width:100%; height:800px;\" id=\"map1\" data-map-id=\"1\"><\/div><\/div><\/div><script>jQuery(document).ready(function($){ window.wpgmp = window.wpgmp || {}; window.wpgmp.mapdata1 = \"eyJhdXRvc29ydCI6dHJ1ZSwibWFwX29wdGlvbnMiOnsiY2VudGVyX2xhdCI6IjQ1LjQzMzg1MjYyNzAxNzc0IiwiY2VudGVyX2xuZyI6IjEyLjM0Njk1NzkzNDczNTQ1MyIsInpvb20iOjE1LCJtYXBfdHlwZV9pZCI6IlJPQURNQVAiLCJjZW50ZXJfYnlfbmVhcmVzdCI6ZmFsc2UsImZpdF9ib3VuZHMiOmZhbHNlLCJzaG93X2NlbnRlcl9jaXJjbGUiOmZhbHNlLCJzaG93X2NlbnRlcl9tYXJrZXIiOmZhbHNlLCJjZW50ZXJfbWFya2VyX2ljb24iOiJodHRwczpcL1wvd3d3LmF0cmlidXRldG9tdXNpYy5pdFwvd3AtY29udGVudFwvcGx1Z2luc1wvd3AtZ29vZ2xlLW1hcC1wbHVnaW5cL2Fzc2V0c1wvaW1hZ2VzXC9cL2RlZmF1bHRfbWFya2VyLnBuZyIsImRyYWdnYWJsZSI6dHJ1ZSwic2Nyb2xsX3doZWVsIjoiZmFsc2UiLCJtYXJrZXJfZGVmYXVsdF9pY29uIjoiaHR0cHM6XC9cL3d3dy5hdHJpYnV0ZXRvbXVzaWMuaXRcL3dwLWNvbnRlbnRcL3BsdWdpbnNcL3dwLWdvb2dsZS1tYXAtcGx1Z2luXC9hc3NldHNcL2ltYWdlc1wvXC9kZWZhdWx0X21hcmtlci5wbmciLCJpbmZvd2luZG93X3NraW4iOnsibmFtZSI6ImRlZmF1bHQiLCJ0eXBlIjoiaW5mb3dpbmRvdyJ9LCJpbmZvd2luZG93X2Ryb3BfYW5pbWF0aW9uIjpmYWxzZSwiY2xvc2VfaW5mb3dpbmRvd19vbl9tYXBfY2xpY2siOmZhbHNlLCJkZWZhdWx0X2luZm93aW5kb3dfb3BlbiI6ZmFsc2UsImluZm93aW5kb3dfb3Blbl9ldmVudCI6ImNsaWNrIiwibGlzdGluZ19pbmZvd2luZG93X29wZW5fZXZlbnQiOiJjbGljayIsImlzX21vYmlsZSI6ZmFsc2UsImluZm93aW5kb3dfZmlsdGVyX29ubHkiOmZhbHNlLCJpbmZvd2luZG93X2NsaWNrX2NoYW5nZV9jZW50ZXIiOmZhbHNlLCJmdWxsX3NjcmVlbl9jb250cm9sIjp0cnVlLCJjYW1lcmFfY29udHJvbCI6ZmFsc2UsInNlYXJjaF9jb250cm9sIjp0cnVlLCJ6b29tX2NvbnRyb2wiOnRydWUsIm1hcF90eXBlX2NvbnRyb2wiOnRydWUsInN0cmVldF92aWV3X2NvbnRyb2wiOnRydWUsImxvY2F0ZW1lX2NvbnRyb2wiOmZhbHNlLCJtb2JpbGVfc3BlY2lmaWMiOmZhbHNlLCJ6b29tX21vYmlsZSI6NSwiZHJhZ2dhYmxlX21vYmlsZSI6dHJ1ZSwic2Nyb2xsX3doZWVsX21vYmlsZSI6dHJ1ZSwiZnVsbF9zY3JlZW5fY29udHJvbF9wb3NpdGlvbiI6IlJJR0hUX0NFTlRFUiIsInpvb21fY29udHJvbF9wb3NpdGlvbiI6IkxFRlRfQ0VOVEVSIiwibWFwX3R5cGVfY29udHJvbF9wb3NpdGlvbiI6IlJJR0hUX0NFTlRFUiIsIm1hcF90eXBlX2NvbnRyb2xfc3R5bGUiOiJIT1JJWk9OVEFMX0JBUiIsInN0cmVldF92aWV3X2NvbnRyb2xfcG9zaXRpb24iOiJMRUZUX0NFTlRFUiIsIm1hcF9pbmZvd2luZG93X2N1c3RvbWlzYXRpb25zIjpmYWxzZSwiaW5mb3dpbmRvd193aWR0aCI6IjEwMCUiLCJzaG93X2luZm93aW5kb3dfaGVhZGVyIjpmYWxzZSwiem9vbV9sZXZlbF9hZnRlcl9zZWFyY2giOjEwLCJkb3VibGVjbGlja3pvb20iOmZhbHNlLCJjdXJyZW50X3Bvc3Rfb25seSI6ZmFsc2UsImFkdmFuY2VfdGVtcGxhdGUiOmZhbHNlLCJtYXBfdGlsZV91cmwiOiJodHRwczpcL1wve3N9LnRpbGUub3BlbnN0cmVldG1hcC5vcmdcL3t6fVwve3h9XC97eX0ucG5nIiwib3BlbnN0cmVldF9zdHlsZXMiOnsiT3BlblN0cmVldE1hcC5NYXBuaWsiOiJodHRwczpcL1wve3N9LnRpbGUub3BlbnN0cmVldG1hcC5vcmdcL3t6fVwve3h9XC97eX0ucG5nIiwiT3BlblN0cmVldE1hcC5ERSI6Imh0dHBzOlwvXC97c30udGlsZS5vcGVuc3RyZWV0bWFwLmRlXC90aWxlc1wvb3NtZGVcL3t6fVwve3h9XC97eX0ucG5nIiwiT3BlblN0cmVldE1hcC5DSCI6Imh0dHBzOlwvXC90aWxlLm9zbS5jaFwvc3dpdHplcmxhbmRcL3t6fVwve3h9XC97eX0ucG5nIiwiT3BlblN0cmVldE1hcC5GcmFuY2UiOiJodHRwczpcL1wve3N9LnRpbGUub3BlbnN0cmVldG1hcC5mclwvb3NtZnJcL3t6fVwve3h9XC97eX0ucG5nIiwiT3BlblN0cmVldE1hcC5IT1QiOiJodHRwczpcL1wve3N9LnRpbGUub3BlbnN0cmVldG1hcC5mclwvaG90XC97en1cL3t4fVwve3l9LnBuZyIsIk9wZW5TdHJlZXRNYXAuQlpIIjoiaHR0cHM6XC9cL3RpbGUub3BlbnN0cmVldG1hcC5iemhcL2JyXC97en1cL3t4fVwve3l9LnBuZyIsIk9wZW5Ub3BvTWFwIjoiaHR0cHM6XC9cL3tzfS50aWxlLm9wZW50b3BvbWFwLm9yZ1wve3p9XC97eH1cL3t5fS5wbmciLCJUaHVuZGVyZm9yZXN0Lk9wZW5DeWNsZU1hcCI6Imh0dHBzOlwvXC9kZXYue3N9LnRpbGUub3BlbnN0cmVldG1hcC5mclwvY3ljbG9zbVwve3p9XC97eH1cL3t5fS5wbmciLCJPcGVuTWFwU3VyZmVyLlJvYWRzIjoiaHR0cHM6XC9cL21hcHMuaGVpZ2l0Lm9yZ1wvb3Blbm1hcHN1cmZlclwvdGlsZXNcL3JvYWRzXC93ZWJtZXJjYXRvclwve3p9XC97eH1cL3t5fS5wbmcifSwib3BlbnN0cmVldF9zdHlsZXNfbWFya3VwIjoiPHNlbGVjdCBjbGFzcz1cIndwb21wX21hcF90eXBlXCI+PG9wdGlvbiB2YWx1ZT1cIk9wZW5TdHJlZXRNYXAuTWFwbmlrXCI+T3BlblN0cmVldE1hcC5NYXBuaWs8XC9vcHRpb24+PG9wdGlvbiB2YWx1ZT1cIk9wZW5TdHJlZXRNYXAuREVcIj5PcGVuU3RyZWV0TWFwLkRFPFwvb3B0aW9uPjxvcHRpb24gdmFsdWU9XCJPcGVuU3RyZWV0TWFwLkNIXCI+T3BlblN0cmVldE1hcC5DSDxcL29wdGlvbj48b3B0aW9uIHZhbHVlPVwiT3BlblN0cmVldE1hcC5GcmFuY2VcIj5PcGVuU3RyZWV0TWFwLkZyYW5jZTxcL29wdGlvbj48b3B0aW9uIHZhbHVlPVwiT3BlblN0cmVldE1hcC5IT1RcIj5PcGVuU3RyZWV0TWFwLkhPVDxcL29wdGlvbj48b3B0aW9uIHZhbHVlPVwiT3BlblN0cmVldE1hcC5CWkhcIj5PcGVuU3RyZWV0TWFwLkJaSDxcL29wdGlvbj48b3B0aW9uIHZhbHVlPVwiT3BlblRvcG9NYXBcIj5PcGVuVG9wb01hcDxcL29wdGlvbj48b3B0aW9uIHZhbHVlPVwiVGh1bmRlcmZvcmVzdC5PcGVuQ3ljbGVNYXBcIj5UaHVuZGVyZm9yZXN0Lk9wZW5DeWNsZU1hcDxcL29wdGlvbj48b3B0aW9uIHZhbHVlPVwiT3Blbk1hcFN1cmZlci5Sb2Fkc1wiPk9wZW5NYXBTdXJmZXIuUm9hZHM8XC9vcHRpb24+PFwvc2VsZWN0PiIsIm1hcF9ib3hfc3R5bGVzX21hcmt1cCI6IjxzZWxlY3QgY2xhc3M9XCJ3cG9tcF9tYXBib3hfdHlwZVwiPjxvcHRpb24gdmFsdWU9XCJzdHJlZXRzLXYxMVwiPlN0cmVldHM8XC9vcHRpb24+PG9wdGlvbiB2YWx1ZT1cImxpZ2h0LXYxMFwiPkxpZ2h0PFwvb3B0aW9uPjxvcHRpb24gdmFsdWU9XCJkYXJrLXYxMFwiPkRhcms8XC9vcHRpb24+PG9wdGlvbiB2YWx1ZT1cIm91dGRvb3JzLXYxMVwiPk91dGRvb3JzPFwvb3B0aW9uPjxvcHRpb24gdmFsdWU9XCJzYXRlbGxpdGUtdjlcIj5TYXRlbGxpdGU8XC9vcHRpb24+PFwvc2VsZWN0PiIsImJvdW5kX21hcF9hZnRlcl9maWx0ZXIiOmZhbHNlLCJkaXNwbGF5X3Jlc2V0X2J1dHRvbiI6ZmFsc2UsIm1hcF9yZXNldF9idXR0b25fdGV4dCI6IlJcdTAwZTlpbml0aWFsaXNlciIsImhlaWdodCI6IjgwMCIsInRpbGVzX3Byb3ZpZGVyIjoib3BlbnN0cmVldCJ9LCJwbGFjZXMiOlt7ImlkIjoiMSIsInRpdGxlIjoiQSBUcmlidXRlIFRvIE11c2ljIiwiYWRkcmVzcyI6IlZlbmljZSIsInNvdXJjZSI6Im1hbnVhbCIsImxvY2F0aW9uIjp7Imljb24iOiJodHRwczpcL1wvd3d3LmF0cmlidXRldG9tdXNpYy5pdFwvd3AtY29udGVudFwvcGx1Z2luc1wvd3AtZ29vZ2xlLW1hcC1wbHVnaW5cL2Fzc2V0c1wvaW1hZ2VzXC9cL2RlZmF1bHRfbWFya2VyLnBuZyIsImxhdCI6IjQ1LjQzMzg1MjYyNzAxNzc0IiwibG5nIjoiMTIuMzQ2OTU3OTM0NzM1NDUzIiwib25jbGlja19hY3Rpb24iOiJtYXJrZXIiLCJtYXJrZXJfaW1hZ2UiOiI8ZGl2IGNsYXNzPSdmYy1mZWF0dXJlLWltZyc+PGltZyBsb2FkaW5nPSdsYXp5JyBkZWNvZGluZz0nYXN5bmMnIGFsdD0nQSBUcmlidXRlIFRvIE11c2ljJyBzcmM9J2h0dHBzOlwvXC93d3cuYXRyaWJ1dGV0b211c2ljLml0XC93cC1jb250ZW50XC9wbHVnaW5zXC93cC1nb29nbGUtbWFwLXBsdWdpblwvYXNzZXRzXC9pbWFnZXNcL3NhbXBsZS5qcGcnIGNsYXNzPSd3cGdtcF9tYXJrZXJfaW1hZ2UgZmMtaXRlbS1mZWF0dXJlZF9pbWFnZSBmYy1pdGVtLWxhcmdlJyBcLz48XC9kaXY+Iiwib3Blbl9uZXdfdGFiIjoieWVzIiwiYW5pbWF0aW9uIjoiQk9VTkNFIiwiaW5mb3dpbmRvd19kaXNhYmxlIjp0cnVlLCJ6b29tIjo1LCJleHRyYV9maWVsZHMiOnsibGlzdG9yZGVyIjowfX0sImNhdGVnb3JpZXMiOlt7Im5hbWUiOiJVbmNhdGVnb3JpZXMiLCJ0eXBlIjoiY2F0ZWdvcnkifV19XSwibWFwX3Byb3BlcnR5Ijp7Im1hcF9pZCI6IjEifSwic2hhcGVzIjp7ImRyYXdpbmdfZWRpdGFibGUiOmZhbHNlfSwiZmlsdGVycyI6eyJmaWx0ZXJzX2NvbnRhaW5lciI6IltkYXRhLWNvbnRhaW5lcj1cIndwZ21wLWZpbHRlcnMtY29udGFpbmVyXCJdIn0sImdsb2JhbF9zZXR0aW5ncyI6ZmFsc2UsInByb3ZpZGVyIjoiZ29vZ2xlIiwiYXBpS2V5IjoiIn0=\"; });<\/script>[\/vc_column_text][\/vc_column][\/vc_row][vc_row css_animation=\u00a0\u00bb\u00a0\u00bb row_type=\u00a0\u00bbrow\u00a0\u00bb use_row_as_full_screen_section=\u00a0\u00bbno\u00a0\u00bb type=\u00a0\u00bbgrid\u00a0\u00bb angled_section=\u00a0\u00bbno\u00a0\u00bb text_align=\u00a0\u00bbleft\u00a0\u00bb background_image_as_pattern=\u00a0\u00bbwithout_pattern\u00a0\u00bb background_image=\u00a0\u00bb158&Prime; padding_top=\u00a0\u00bb50&Prime; padding_bottom=\u00a0\u00bb50&Prime; z_index=\u00a0\u00bb\u00a0\u00bb][vc_column][vc_column_text]<\/p>\n<h1 style=\"text-align: center;\">Position<\/h1>\n<p>[\/vc_column_text][vc_empty_space height=\u00a0\u00bb20px\u00a0\u00bb][vc_column_text]<\/p>\n<p style=\"text-align: center;\">A Tribute to Music se trouve entre la place Saint-Marc et l\u2019Arsenale, le long de la Riva degli Schiavoni, \u00e0 seulement 2\u00a0minutes \u00e0 pied de l\u2019arr\u00eat Arsenale di Alilaguna et ACTV, id\u00e9alement reli\u00e9 \u00e0 tous les terminaux de la ville.<\/p>\n<p>[\/vc_column_text][\/vc_column][\/vc_row][vc_row css_animation=\u00a0\u00bb\u00a0\u00bb row_type=\u00a0\u00bbrow\u00a0\u00bb use_row_as_full_screen_section=\u00a0\u00bbno\u00a0\u00bb type=\u00a0\u00bbgrid\u00a0\u00bb angled_section=\u00a0\u00bbno\u00a0\u00bb text_align=\u00a0\u00bbleft\u00a0\u00bb background_image_as_pattern=\u00a0\u00bbwithout_pattern\u00a0\u00bb anchor=\u00a0\u00bb#come-raggiungere\u00a0\u00bb padding_top=\u00a0\u00bb30&Prime; padding_bottom=\u00a0\u00bb30&Prime;][vc_column][vc_column_text]<\/p>\n<h2>COMMENT SE RENDRE \u00c0 A TRIBUTE TO MUSIC DE\u00a0:<\/h2>\n<p>[\/vc_column_text][\/vc_column][\/vc_row][vc_row css_animation=\u00a0\u00bb\u00a0\u00bb row_type=\u00a0\u00bbrow\u00a0\u00bb use_row_as_full_screen_section=\u00a0\u00bbno\u00a0\u00bb type=\u00a0\u00bbgrid\u00a0\u00bb angled_section=\u00a0\u00bbno\u00a0\u00bb text_align=\u00a0\u00bbleft\u00a0\u00bb background_image_as_pattern=\u00a0\u00bbwithout_pattern\u00a0\u00bb padding_bottom=\u00a0\u00bb30&Prime;][vc_column width=\u00a0\u00bb1\/6&Prime;]<span data-type=\"circle\" data-hover-bg-color=\"#8d3948\" data-hover-icon-color=\"#ffffff\" class=\"qode_icon_shortcode fa-stack q_font_awsome_icon_stack fa-4x pull-center \" style=\"font-size: 40px;font-size: 50px; \"><i class=\"fa fa-circle fa-stack-base fa-stack-2x\" style=\"color: #8d3948;\"><\/i><i class=\"qode_icon_font_awesome fa fa-plane qode_icon_element fa-stack-1x\" style=\"font-size: 40px;color: #ffffff;\" ><\/i><\/span>[\/vc_column][vc_column width=\u00a0\u00bb5\/6&Prime;][vc_empty_space height=\u00a0\u00bb5px\u00a0\u00bb][vc_column_text]<\/p>\n<h3>L\u2019A\u00c9ROPORT MARCO POLO DE VENISE<\/h3>\n<p>[\/vc_column_text][vc_empty_space height=\u00a0\u00bb15px\u00a0\u00bb][vc_column_text]De l\u2019A\u00e9roport de Venise \u00ab\u00a0Marco Polo\u00a0\u00bb (\u00e0 13\u00a0km), prendre la navette n\u00b0\u00a05 ACTV pour Piazzale Roma. De l\u00e0, prendre la ligne\u00a01 ACTV\u00a0; le vaporetto arrive en 45\u00a0minutes \u00e0 l\u2019Arsenale.<\/p>\n<p>Alternativement, depuis le quai de l\u2019a\u00e9roport, utiliser la vedette Alilaguna jusqu\u2019\u00e0 l\u2019arr\u00eat Arsenale.<\/p>\n<p>De l\u00e0, tourner \u00e0 gauche dans Riva degli Schiavoni, traverser le pont et, apr\u00e8s seulement 50\u00a0m\u00e8tres, vous trouverez A Tribute to Music \u00e0 la rue n\u00b0\u00a04127.[\/vc_column_text][\/vc_column][\/vc_row][vc_row css_animation=\u00a0\u00bb\u00a0\u00bb row_type=\u00a0\u00bbrow\u00a0\u00bb use_row_as_full_screen_section=\u00a0\u00bbno\u00a0\u00bb type=\u00a0\u00bbgrid\u00a0\u00bb angled_section=\u00a0\u00bbno\u00a0\u00bb text_align=\u00a0\u00bbleft\u00a0\u00bb background_image_as_pattern=\u00a0\u00bbwithout_pattern\u00a0\u00bb padding_top=\u00a0\u00bb30&Prime; padding_bottom=\u00a0\u00bb30&Prime; z_index=\u00a0\u00bb\u00a0\u00bb][vc_column width=\u00a0\u00bb1\/6&Prime;]<span data-type=\"circle\" data-hover-bg-color=\"#8d3948\" data-hover-icon-color=\"#ffffff\" class=\"qode_icon_shortcode fa-stack q_font_awsome_icon_stack fa-4x pull-center \" style=\"font-size: 40px;font-size: 50px; \"><i class=\"fa fa-circle fa-stack-base fa-stack-2x\" style=\"color: #8d3948;\"><\/i><i class=\"qode_icon_font_awesome fa fa-plane qode_icon_element fa-stack-1x\" style=\"font-size: 40px;color: #ffffff;\" ><\/i><\/span>[\/vc_column][vc_column width=\u00a0\u00bb5\/6&Prime;][vc_empty_space height=\u00a0\u00bb5px\u00a0\u00bb][vc_column_text]<\/p>\n<h3>A\u00c9ROPORT CANOVA DE TR\u00c9VISE<\/h3>\n<p>[\/vc_column_text][vc_empty_space height=\u00a0\u00bb15px\u00a0\u00bb][vc_column_text]De l\u2019A\u00e9roport de Tr\u00e9vise \u00ab\u00a0Antonio Canova\u00a0\u00bb (\u00e0 33\u00a0km), prendre la navette pour Piazzale Roma\u00a0; de l\u00e0, prendre le vaporetto ligne\u00a01 ACTV qui arrive en 45\u00a0minutes \u00e0 l\u2019arr\u00eat Arsenale.<\/p>\n<p>De l\u00e0, tourner \u00e0 gauche dans Riva degli Schiavoni, traverser le pont et, apr\u00e8s seulement 50\u00a0m\u00e8tres, vous trouverez A Tribute to Music \u00e0 la rue n\u00b0\u00a04127.[\/vc_column_text][\/vc_column][\/vc_row][vc_row css_animation=\u00a0\u00bb\u00a0\u00bb row_type=\u00a0\u00bbrow\u00a0\u00bb use_row_as_full_screen_section=\u00a0\u00bbno\u00a0\u00bb type=\u00a0\u00bbgrid\u00a0\u00bb angled_section=\u00a0\u00bbno\u00a0\u00bb text_align=\u00a0\u00bbleft\u00a0\u00bb background_image_as_pattern=\u00a0\u00bbwithout_pattern\u00a0\u00bb padding_top=\u00a0\u00bb30&Prime; padding_bottom=\u00a0\u00bb30&Prime; z_index=\u00a0\u00bb\u00a0\u00bb][vc_column width=\u00a0\u00bb1\/6&Prime;]<span data-type=\"circle\" data-hover-bg-color=\"#8d3948\" data-hover-icon-color=\"#ffffff\" class=\"qode_icon_shortcode fa-stack q_font_awsome_icon_stack fa-4x pull-center \" style=\"font-size: 40px;font-size: 50px; \"><i class=\"fa fa-circle fa-stack-base fa-stack-2x\" style=\"color: #8d3948;\"><\/i><i class=\"qode_icon_font_awesome fa fa-car qode_icon_element fa-stack-1x\" style=\"font-size: 40px;color: #ffffff;\" ><\/i><\/span>[\/vc_column][vc_column width=\u00a0\u00bb5\/6&Prime;][vc_empty_space height=\u00a0\u00bb5px\u00a0\u00bb][vc_column_text]<\/p>\n<h3>PIAZZALE ROMA (TERMINAL BUS, GARAGE MUNICIPAL, TRONCHETTO)<\/h3>\n<p>[\/vc_column_text][vc_empty_space height=\u00a0\u00bb15px\u00a0\u00bb][vc_column_text]De l\u2019autoroute A4, sortir au p\u00e9age de Venezia Mestre et suivre les indications pour Venise. Apr\u00e8s avoir travers\u00e9 le pont de la Libert\u00e9, tourner \u00e0 droite et laisser votre voiture dans l\u2019un des garages du Tronchetto ou, si vous continuez tout droit sur 300\u00a0m\u00e8tres, dans les garages de Piazzale Roma.<\/p>\n<p>Du Tronchetto ligne\u00a02 ACTV jusqu\u2019\u00e0 Piazzale Roma et de l\u00e0, changer pour la ligne 1\u00a0ACTV\u00a0; le vaporetto arrive en 45\u00a0minutes \u00e0 l\u2019arr\u00eat Arsenale.<\/p>\n<p>De l\u00e0, tourner \u00e0 gauche dans Riva degli Schiavoni, traverser le pont et, apr\u00e8s seulement 50\u00a0m\u00e8tres, vous trouverez A Tribute to Music \u00e0 la rue n\u00b0\u00a04127.[\/vc_column_text][\/vc_column][\/vc_row][vc_row css_animation=\u00a0\u00bb\u00a0\u00bb row_type=\u00a0\u00bbrow\u00a0\u00bb use_row_as_full_screen_section=\u00a0\u00bbno\u00a0\u00bb type=\u00a0\u00bbgrid\u00a0\u00bb angled_section=\u00a0\u00bbno\u00a0\u00bb text_align=\u00a0\u00bbleft\u00a0\u00bb background_image_as_pattern=\u00a0\u00bbwithout_pattern\u00a0\u00bb padding_top=\u00a0\u00bb30&Prime; padding_bottom=\u00a0\u00bb30&Prime; z_index=\u00a0\u00bb\u00a0\u00bb][vc_column width=\u00a0\u00bb1\/6&Prime;]<span data-type=\"circle\" data-hover-bg-color=\"#8d3948\" data-hover-icon-color=\"#ffffff\" class=\"qode_icon_shortcode fa-stack q_font_awsome_icon_stack fa-4x pull-center \" style=\"font-size: 40px;font-size: 50px; \"><i class=\"fa fa-circle fa-stack-base fa-stack-2x\" style=\"color: #8d3948;\"><\/i><i class=\"qode_icon_font_awesome fa fa-train qode_icon_element fa-stack-1x\" style=\"font-size: 40px;color: #ffffff;\" ><\/i><\/span>[\/vc_column][vc_column width=\u00a0\u00bb5\/6&Prime;][vc_empty_space height=\u00a0\u00bb5px\u00a0\u00bb][vc_column_text]<\/p>\n<h3>GARE SANTA LUCIA<\/h3>\n<p>[\/vc_column_text][vc_empty_space height=\u00a0\u00bb15px\u00a0\u00bb][vc_column_text]Depuis la gare Santa Lucia, prendre le vaporetto ligne\u00a01 ACTV direct jusqu\u2019au Lido et descendre \u00e0 l\u2019arr\u00eat Arsenale (45\u00a0minutes).<\/p>\n<p>De l\u00e0, tourner \u00e0 gauche dans Riva degli Schiavoni, traverser le pont et, apr\u00e8s seulement 50\u00a0m\u00e8tres, vous trouverez A Tribute to Music \u00e0 la rue n\u00b0\u00a04127.[\/vc_column_text][\/vc_column][\/vc_row][vc_row css_animation=\u00a0\u00bb\u00a0\u00bb row_type=\u00a0\u00bbrow\u00a0\u00bb use_row_as_full_screen_section=\u00a0\u00bbno\u00a0\u00bb type=\u00a0\u00bbfull_width\u00a0\u00bb angled_section=\u00a0\u00bbno\u00a0\u00bb text_align=\u00a0\u00bbleft\u00a0\u00bb background_image_as_pattern=\u00a0\u00bbwithout_pattern\u00a0\u00bb padding_top=\u00a0\u00bb30&Prime; z_index=\u00a0\u00bb\u00a0\u00bb][vc_column]<div class=\"call_to_action with_icon\" style=\"background-color: #8d3948;padding-top: 50px;padding-bottom: 50px;\"><div class=\"container_inner\"><div class=\"two_columns_75_25 clearfix\"><div class=\"text_wrapper column1\"><div class=\"call_to_action_icon_holder\"><div class=\"call_to_action_icon\"><div class=\"call_to_action_icon_inner\"><i class='fa fa-file-pdf-o pull-left . fa-3x'><\/i><\/div><\/div><\/div><div class=\"call_to_action_text  font_size_inherit font_weight_inherit\" style=\"font-size:26px;font-weight: 400;\">\n<p style=\"text-align: center;\"><span style=\"color: #ffffff;\"><strong>T\u00e9l\u00e9chargez la carte PDF.<\/strong><\/span><\/p>\n<\/div><\/div><div class=\"button_wrapper column2\"><a itemprop=\"url\" href=\"https:\/\/www.atributetomusic.it\/wp-content\/uploads\/2022\/03\/map_en.pdf\" class=\"qbutton white large\" target=\"_blank\" style=\"background-color: #8c6e74;\" data-hover-background-color=#8c6a70 >T\u00c9L\u00c9CHARGER<\/a><\/div><\/div><\/div><\/div>[\/vc_column][\/vc_row]<\/p>\n","protected":false},"excerpt":{"rendered":"<p>[vc_row css_animation=\u00a0\u00bb\u00a0\u00bb row_type=\u00a0\u00bbrow\u00a0\u00bb use_row_as_full_screen_section=\u00a0\u00bbno\u00a0\u00bb type=\u00a0\u00bbfull_width\u00a0\u00bb angled_section=\u00a0\u00bbno\u00a0\u00bb text_align=\u00a0\u00bbleft\u00a0\u00bb background_image_as_pattern=\u00a0\u00bbwithout_pattern\u00a0\u00bb z_index=\u00a0\u00bb\u00a0\u00bb][vc_column][vc_column_text][\/vc_column_text][\/vc_column][\/vc_row][vc_row css_animation=\u00a0\u00bb\u00a0\u00bb row_type=\u00a0\u00bbrow\u00a0\u00bb use_row_as_full_screen_section=\u00a0\u00bbno\u00a0\u00bb type=\u00a0\u00bbgrid\u00a0\u00bb angled_section=\u00a0\u00bbno\u00a0\u00bb text_align=\u00a0\u00bbleft\u00a0\u00bb background_image_as_pattern=\u00a0\u00bbwithout_pattern\u00a0\u00bb background_image=\u00a0\u00bb158&Prime; padding_top=\u00a0\u00bb50&Prime; padding_bottom=\u00a0\u00bb50&Prime; z_index=\u00a0\u00bb\u00a0\u00bb][vc_column][vc_column_text] Position [\/vc_column_text][vc_empty_space height=\u00a0\u00bb20px\u00a0\u00bb][vc_column_text] A Tribute to Music se trouve entre la place Saint-Marc et l\u2019Arsenale, le long de la Riva degli Schiavoni, \u00e0 seulement 2\u00a0minutes&#8230;<\/p>\n","protected":false},"author":1,"featured_media":0,"parent":0,"menu_order":0,"comment_status":"closed","ping_status":"closed","template":"full_width.php","meta":{"_monsterinsights_skip_tracking":false,"_monsterinsights_sitenote_active":false,"_monsterinsights_sitenote_note":"","_monsterinsights_sitenote_category":0,"footnotes":""},"class_list":["post-928","page","type-page","status-publish","hentry"],"aioseo_notices":[],"_links":{"self":[{"href":"https:\/\/www.atributetomusic.it\/fr\/wp-json\/wp\/v2\/pages\/928","targetHints":{"allow":["GET"]}}],"collection":[{"href":"https:\/\/www.atributetomusic.it\/fr\/wp-json\/wp\/v2\/pages"}],"about":[{"href":"https:\/\/www.atributetomusic.it\/fr\/wp-json\/wp\/v2\/types\/page"}],"author":[{"embeddable":true,"href":"https:\/\/www.atributetomusic.it\/fr\/wp-json\/wp\/v2\/users\/1"}],"replies":[{"embeddable":true,"href":"https:\/\/www.atributetomusic.it\/fr\/wp-json\/wp\/v2\/comments?post=928"}],"version-history":[{"count":1,"href":"https:\/\/www.atributetomusic.it\/fr\/wp-json\/wp\/v2\/pages\/928\/revisions"}],"predecessor-version":[{"id":929,"href":"https:\/\/www.atributetomusic.it\/fr\/wp-json\/wp\/v2\/pages\/928\/revisions\/929"}],"wp:attachment":[{"href":"https:\/\/www.atributetomusic.it\/fr\/wp-json\/wp\/v2\/media?parent=928"}],"curies":[{"name":"wp","href":"https:\/\/api.w.org\/{rel}","templated":true}]}}