{"id":966,"date":"2022-04-05T12:14:44","date_gmt":"2022-04-05T10:14:44","guid":{"rendered":"https:\/\/www.atributetomusic.it\/new\/?page_id=966"},"modified":"2024-02-19T14:31:21","modified_gmt":"2024-02-19T13:31:21","slug":"inicio","status":"publish","type":"page","link":"https:\/\/www.atributetomusic.it\/pt-pt\/","title":{"rendered":"IN\u00cdCIO"},"content":{"rendered":"<p>[vc_row css_animation=&#8221;&#8221; row_type=&#8221;row&#8221; use_row_as_full_screen_section=&#8221;no&#8221; type=&#8221;full_width&#8221; angled_section=&#8221;no&#8221; text_align=&#8221;left&#8221; background_image_as_pattern=&#8221;without_pattern&#8221; z_index=&#8221;&#8221;][vc_column]\n\t\t\t<!-- START Home REVOLUTION SLIDER 6.5.11 --><p class=\"rs-p-wp-fix\"><\/p>\n\t\t\t<rs-module-wrap id=\"rev_slider_6_1_wrapper\" data-source=\"gallery\" style=\"visibility:hidden;background:transparent;padding:0;\">\n\t\t\t\t<rs-module id=\"rev_slider_6_1\" style=\"\" data-version=\"6.5.11\">\n\t\t\t\t\t<rs-slides>\n\t\t\t\t\t\t<rs-slide style=\"position: absolute;\" data-key=\"rs-28\" data-title=\"Slide\" data-thumb=\"\/\/www.atributetomusic.it\/new\/wp-content\/uploads\/2022\/03\/slider1.jpg\" data-in=\"o:0;\" data-out=\"a:false;\">\n\t\t\t\t\t\t\t<img loading=\"lazy\" decoding=\"async\" src=\"\/\/www.atributetomusic.it\/wp-content\/plugins\/revslider\/public\/assets\/assets\/dummy.png\" title=\"slider1\" width=\"2560\" height=\"1707\" class=\"rev-slidebg tp-rs-img rs-lazyload\" data-lazyload=\"\/\/www.atributetomusic.it\/new\/wp-content\/uploads\/2022\/03\/slider1.jpg\" data-no-retina>\n<!---->\t\t\t\t\t\t<\/rs-slide>\n\t\t\t\t\t\t<rs-slide style=\"position: absolute;\" data-key=\"rs-29\" data-title=\"Slide\" data-thumb=\"\/\/www.atributetomusic.it\/new\/wp-content\/uploads\/2022\/03\/slider2.jpg\" data-in=\"o:0;\" data-out=\"a:false;\">\n\t\t\t\t\t\t\t<img loading=\"lazy\" decoding=\"async\" src=\"\/\/www.atributetomusic.it\/wp-content\/plugins\/revslider\/public\/assets\/assets\/dummy.png\" title=\"slider2\" width=\"2560\" height=\"1707\" class=\"rev-slidebg tp-rs-img rs-lazyload\" data-lazyload=\"\/\/www.atributetomusic.it\/new\/wp-content\/uploads\/2022\/03\/slider2.jpg\" data-no-retina>\n<!---->\t\t\t\t\t\t<\/rs-slide>\n\t\t\t\t\t\t<rs-slide style=\"position: absolute;\" data-key=\"rs-30\" data-title=\"Slide\" data-thumb=\"\/\/www.atributetomusic.it\/new\/wp-content\/uploads\/2022\/03\/slider3.jpg\" data-in=\"o:0;\" data-out=\"a:false;\">\n\t\t\t\t\t\t\t<img loading=\"lazy\" decoding=\"async\" src=\"\/\/www.atributetomusic.it\/wp-content\/plugins\/revslider\/public\/assets\/assets\/dummy.png\" title=\"slider3\" width=\"2560\" height=\"1707\" class=\"rev-slidebg tp-rs-img rs-lazyload\" data-lazyload=\"\/\/www.atributetomusic.it\/new\/wp-content\/uploads\/2022\/03\/slider3.jpg\" data-no-retina>\n<!---->\t\t\t\t\t\t<\/rs-slide>\n\t\t\t\t\t\t<rs-slide style=\"position: absolute;\" data-key=\"rs-31\" data-title=\"Slide\" data-thumb=\"\/\/www.atributetomusic.it\/new\/wp-content\/uploads\/2022\/03\/slider4new.jpg\" data-in=\"o:0;\" data-out=\"a:false;\">\n\t\t\t\t\t\t\t<img loading=\"lazy\" decoding=\"async\" src=\"\/\/www.atributetomusic.it\/wp-content\/plugins\/revslider\/public\/assets\/assets\/dummy.png\" title=\"slider4new\" width=\"2560\" height=\"1422\" class=\"rev-slidebg tp-rs-img rs-lazyload\" data-lazyload=\"\/\/www.atributetomusic.it\/new\/wp-content\/uploads\/2022\/03\/slider4new.jpg\" data-no-retina>\n<!---->\t\t\t\t\t\t<\/rs-slide>\n\t\t\t\t\t\t<rs-slide style=\"position: absolute;\" data-key=\"rs-32\" data-title=\"Slide\" data-thumb=\"\/\/www.atributetomusic.it\/new\/wp-content\/uploads\/2022\/03\/slider5.jpg\" data-in=\"o:0;\" data-out=\"a:false;\">\n\t\t\t\t\t\t\t<img loading=\"lazy\" decoding=\"async\" src=\"\/\/www.atributetomusic.it\/wp-content\/plugins\/revslider\/public\/assets\/assets\/dummy.png\" title=\"slider5\" width=\"2560\" height=\"1457\" class=\"rev-slidebg tp-rs-img rs-lazyload\" data-lazyload=\"\/\/www.atributetomusic.it\/new\/wp-content\/uploads\/2022\/03\/slider5.jpg\" data-no-retina>\n<!---->\t\t\t\t\t\t<\/rs-slide>\n\t\t\t\t\t<\/rs-slides>\n\t\t\t\t<\/rs-module>\n\t\t\t\t<script type=\"text\/javascript\">\n\t\t\t\t\tsetREVStartSize({c: 'rev_slider_6_1',rl:[1240,1024,778,480],el:[900],gw:[1240],gh:[900],type:'standard',justify:'',layout:'fullscreen',offsetContainer:'',offset:'',mh:\"0\"});if (window.RS_MODULES!==undefined && window.RS_MODULES.modules!==undefined && window.RS_MODULES.modules[\"revslider61\"]!==undefined) {window.RS_MODULES.modules[\"revslider61\"].once = false;window.revapi6 = undefined;if (window.RS_MODULES.checkMinimal!==undefined) window.RS_MODULES.checkMinimal()}\n\t\t\t\t<\/script>\n\t\t\t<\/rs-module-wrap>\n\t\t\t<!-- END REVOLUTION SLIDER -->\n[\/vc_column][\/vc_row][vc_row css_animation=&#8221;&#8221; row_type=&#8221;row&#8221; use_row_as_full_screen_section=&#8221;no&#8221; type=&#8221;full_width&#8221; angled_section=&#8221;no&#8221; text_align=&#8221;left&#8221; background_image_as_pattern=&#8221;without_pattern&#8221; padding_top=&#8221;40&#8243; z_index=&#8221;&#8221;][vc_column][qode_elements_holder number_of_columns=&#8221;two_columns&#8221;][qode_elements_holder_item vertical_alignment=&#8221;middle&#8221; advanced_animations=&#8221;no&#8221; item_padding=&#8221;40px 60px 40px 60px&#8221;][vc_column_text]<\/p>\n<h2>A Tribute to Music \u2013 Veneza<\/h2>\n<p>[\/vc_column_text][vc_empty_space height=&#8221;20px&#8221;][vc_column_text]A poucos passos da Piazza San Marco, num edif\u00edcio do s\u00e9c. XIX, fica o hotel A Tribute to Music, um antigo pr\u00e9dio veneziano com elevador que oferece uma vista deslumbrante da Bacia de S\u00e3o Marcos. Embora mantendo as caracter\u00edsticas arquitet\u00f3nicas e estil\u00edsticas originais da \u00e9poca,\u00a0A Tribute to Music est\u00e1 equipado com todos os confortos para oferecer uma estadia elegante e refinada.<\/p>\n<p>Localizado no centro hist\u00f3rico de Veneza, no pitoresco bairro de Castello, A Tribute to Music\u00a0goza de uma localiza\u00e7\u00e3o privilegiada,\u00a0perto dos locais de arte mais visitados, restaurantes e tabernas t\u00edpicas venezianas e das zonas comerciais.[\/vc_column_text][vc_empty_space height=&#8221;20px&#8221;]\n\n\t<a href=\"https:\/\/www.atributetomusic.it\/pt-pt\/posizione\" target=\"_self\" style=\"color: #ffffff;background-color: #8d3948;font-size: 16px;font-weight: 400;text-transform: uppercase;letter-spacing: 1px\" class=\"qode-btn qode-btn-medium qode-btn-solid qode-btn-custom-hover-bg qode-btn-custom-hover-color qode-btn-with-shadow qode-btn-shadow-hover\" data-hover-bg-color=\"#8c192e\" data-hover-color=\"#ffffff\" >\n\t    <span class=\"qode-btn-text\">DESCUBRA A LOCALIZA\u00c7\u00c3O<\/span>\t<\/a>\n\n[\/qode_elements_holder_item][qode_elements_holder_item vertical_alignment=&#8221;middle&#8221; advanced_animations=&#8221;no&#8221;][vc_single_image image=&#8221;839&#8243; img_size=&#8221;950&#215;650&#8243; qode_css_animation=&#8221;&#8221;][\/qode_elements_holder_item][\/qode_elements_holder][\/vc_column][\/vc_row][vc_row css_animation=&#8221;&#8221; row_type=&#8221;row&#8221; use_row_as_full_screen_section=&#8221;no&#8221; type=&#8221;full_width&#8221; angled_section=&#8221;no&#8221; text_align=&#8221;left&#8221; background_image_as_pattern=&#8221;without_pattern&#8221; padding_bottom=&#8221;40&#8243; z_index=&#8221;&#8221;][vc_column][qode_elements_holder number_of_columns=&#8221;two_columns&#8221;][qode_elements_holder_item vertical_alignment=&#8221;middle&#8221; advanced_animations=&#8221;no&#8221;][vc_single_image image=&#8221;822&#8243; img_size=&#8221;950&#215;650&#8243; qode_css_animation=&#8221;&#8221;][\/qode_elements_holder_item][qode_elements_holder_item vertical_alignment=&#8221;middle&#8221; advanced_animations=&#8221;no&#8221; item_padding=&#8221;40px 60px 40px 60px&#8221;][vc_column_text]<\/p>\n<h2>Resid\u00eancia<\/h2>\n<p>[\/vc_column_text][vc_empty_space height=&#8221;20px&#8221;][vc_column_text]As tape\u00e7arias e os m\u00f3veis lembram a atmosfera da \u00e9poca, tornando A Tribute to Music uma solu\u00e7\u00e3o elegante caracterizada por\u00a0uma excelente combina\u00e7\u00e3o do aut\u00eantico estilo veneziano com os confortos mais modernos.<\/p>\n<p>A nossa equipa ter\u00e1 todo o prazer em ajudar os h\u00f3spedes em todas as fases da sua estadia, recomendando itiner\u00e1rios personalizados com base nas diferentes necessidades e oferecendo informa\u00e7\u00f5es sobre restaurantes, visitas guiadas e transfers de e para os principais terminais da cidade.[\/vc_column_text][vc_empty_space height=&#8221;20px&#8221;]\n\n\t<a href=\"https:\/\/www.atributetomusic.it\/pt-pt\/camere\" target=\"_self\" style=\"color: #ffffff;background-color: #8d3948;font-size: 16px;font-weight: 400;text-transform: uppercase;letter-spacing: 1px\" class=\"qode-btn qode-btn-medium qode-btn-solid qode-btn-custom-hover-bg qode-btn-custom-hover-color qode-btn-with-shadow qode-btn-shadow-hover\" data-hover-bg-color=\"#8c192e\" data-hover-color=\"#ffffff\" >\n\t    <span class=\"qode-btn-text\">VER OS QUARTOS<\/span>\t<\/a>\n\n[\/qode_elements_holder_item][\/qode_elements_holder][\/vc_column][\/vc_row]<\/p>\n","protected":false},"excerpt":{"rendered":"<p>[vc_row css_animation=&#8221;&#8221; row_type=&#8221;row&#8221; use_row_as_full_screen_section=&#8221;no&#8221; type=&#8221;full_width&#8221; angled_section=&#8221;no&#8221; text_align=&#8221;left&#8221; background_image_as_pattern=&#8221;without_pattern&#8221; z_index=&#8221;&#8221;][vc_column][\/vc_column][\/vc_row][vc_row css_animation=&#8221;&#8221; row_type=&#8221;row&#8221; use_row_as_full_screen_section=&#8221;no&#8221; type=&#8221;full_width&#8221; angled_section=&#8221;no&#8221; text_align=&#8221;left&#8221; background_image_as_pattern=&#8221;without_pattern&#8221; padding_top=&#8221;40&#8243; z_index=&#8221;&#8221;][vc_column][qode_elements_holder number_of_columns=&#8221;two_columns&#8221;][qode_elements_holder_item vertical_alignment=&#8221;middle&#8221; advanced_animations=&#8221;no&#8221; item_padding=&#8221;40px 60px 40px 60px&#8221;][vc_column_text] A Tribute to Music \u2013 Veneza [\/vc_column_text][vc_empty_space height=&#8221;20px&#8221;][vc_column_text]A poucos passos da Piazza San Marco, num edif\u00edcio do s\u00e9c. XIX, fica&#8230;<\/p>\n","protected":false},"author":1,"featured_media":0,"parent":0,"menu_order":0,"comment_status":"closed","ping_status":"closed","template":"full_width.php","meta":{"_monsterinsights_skip_tracking":false,"_monsterinsights_sitenote_active":false,"_monsterinsights_sitenote_note":"","_monsterinsights_sitenote_category":0,"footnotes":""},"class_list":["post-966","page","type-page","status-publish","hentry"],"aioseo_notices":[],"_links":{"self":[{"href":"https:\/\/www.atributetomusic.it\/pt-pt\/wp-json\/wp\/v2\/pages\/966","targetHints":{"allow":["GET"]}}],"collection":[{"href":"https:\/\/www.atributetomusic.it\/pt-pt\/wp-json\/wp\/v2\/pages"}],"about":[{"href":"https:\/\/www.atributetomusic.it\/pt-pt\/wp-json\/wp\/v2\/types\/page"}],"author":[{"embeddable":true,"href":"https:\/\/www.atributetomusic.it\/pt-pt\/wp-json\/wp\/v2\/users\/1"}],"replies":[{"embeddable":true,"href":"https:\/\/www.atributetomusic.it\/pt-pt\/wp-json\/wp\/v2\/comments?post=966"}],"version-history":[{"count":2,"href":"https:\/\/www.atributetomusic.it\/pt-pt\/wp-json\/wp\/v2\/pages\/966\/revisions"}],"predecessor-version":[{"id":1316,"href":"https:\/\/www.atributetomusic.it\/pt-pt\/wp-json\/wp\/v2\/pages\/966\/revisions\/1316"}],"wp:attachment":[{"href":"https:\/\/www.atributetomusic.it\/pt-pt\/wp-json\/wp\/v2\/media?parent=966"}],"curies":[{"name":"wp","href":"https:\/\/api.w.org\/{rel}","templated":true}]}}